{"id":20,"date":"2018-06-30T09:42:44","date_gmt":"2018-06-30T09:42:44","guid":{"rendered":"http:\/\/test.kultur-in-lippetal.de\/?page_id=20"},"modified":"2025-06-10T16:26:59","modified_gmt":"2025-06-10T14:26:59","slug":"veranstaltungsort","status":"publish","type":"page","link":"https:\/\/kultur-in-lippetal.de\/?page_id=20","title":{"rendered":"Veranstaltungsort"},"content":{"rendered":"<h1 align=\"LEFT\">B\u00fcrgerhaus Lippetal &#8211; Herzfeld<\/h1>\n<p align=\"LEFT\">Wegen der gro\u00dfen Nachfrage zu unserem Programmangebot finden derzeitig alle Veranstaltungen im B\u00fcrgerhaus Lippetal &#8211; Herzfeld statt.<\/p>\n<p align=\"LEFT\">Der Saal des B\u00fcrgerhauses Herzfeld bietet Platz f\u00fcr 340 Zuschauer und verf\u00fcgt \u00fcber eine sogenannte \u201eGuckkastenb\u00fchne\u201c. Mit Hilfe von Raumteilern bzw. einer mobilen B\u00fchne kann er auch zu einem klassischen Kleinkunsttheater mit 100 bis 200 Pl\u00e4tzen hergerichtet werden.<\/p>\n<p>Der <strong>Einlass<\/strong> zu unseren Veranstaltungen ist <strong>um 19 Uhr<\/strong>.<\/p>\n<p>Im Gastro-Bereich des Saales \u00fcbernimmt <strong>ab 19 Uhr<\/strong> das Team vom <strong><a href=\"http:\/\/cafetwin.de\">Caf\u00e9 Twin<\/a><\/strong> die <strong>Bewirtung der G\u00e4ste mit Snacks und Getr\u00e4nken. <img decoding=\"async\" loading=\"lazy\" class=\"alignnone wp-image-516\" src=\"http:\/\/kultur-in-lippetal.de\/wp-content\/uploads\/2019\/11\/Cafe-twin.jpg\" alt=\"\" width=\"101\" height=\"82\" \/><\/strong><\/p>\n<p>Das B\u00fcrgerhaus liegt zentral im Lippetaler Ortsteil Herzfeld und verf\u00fcgt \u00fcber ausreichend Parkpl\u00e4tze.<\/p>\n<p>Das <strong>B\u00fcrgerhaus<\/strong> ist <strong>barrierefrei<\/strong>.<\/p>\n<p align=\"LEFT\"><a href=\"http:\/\/kultur-in-lippetal.de\/wp-content\/uploads\/2018\/06\/Buergerhaus.web_.gif\"><img decoding=\"async\" loading=\"lazy\" class=\"alignleft wp-image-71 size-medium\" src=\"http:\/\/kultur-in-lippetal.de\/wp-content\/uploads\/2018\/06\/Buergerhaus.web_-300x225.gif\" alt=\"\" width=\"300\" height=\"225\" \/><\/a><a href=\"http:\/\/kultur-in-lippetal.de\/wp-content\/uploads\/2018\/11\/P1110192.jpg\"><img decoding=\"async\" loading=\"lazy\" class=\"size-medium wp-image-264 alignleft\" src=\"http:\/\/kultur-in-lippetal.de\/wp-content\/uploads\/2018\/11\/P1110192-300x225.jpg\" alt=\"\" width=\"300\" height=\"225\" srcset=\"https:\/\/kultur-in-lippetal.de\/wp-content\/uploads\/2018\/11\/P1110192-300x225.jpg 300w, https:\/\/kultur-in-lippetal.de\/wp-content\/uploads\/2018\/11\/P1110192-768x576.jpg 768w, https:\/\/kultur-in-lippetal.de\/wp-content\/uploads\/2018\/11\/P1110192-1024x768.jpg 1024w, https:\/\/kultur-in-lippetal.de\/wp-content\/uploads\/2018\/11\/P1110192-1200x900.jpg 1200w\" sizes=\"(max-width: 300px) 85vw, 300px\" \/><\/a><\/p>\n<p align=\"LEFT\">B\u00fcrgerhaus Lippetal<br \/>\nBeckumer Stra\u00dfe 29a<br \/>\n59510 Lippetal &#8211; Herzfeld<br \/>\nTelefon: 02923 7331<\/p>\n<p>&nbsp;<\/p>\n<p>&nbsp;<\/p>\n<p align=\"LEFT\">\n","protected":false},"excerpt":{"rendered":"<p>B\u00fcrgerhaus Lippetal &#8211; Herzfeld Wegen der gro\u00dfen Nachfrage zu unserem Programmangebot finden derzeitig alle Veranstaltungen im B\u00fcrgerhaus Lippetal &#8211; Herzfeld statt. Der Saal des B\u00fcrgerhauses Herzfeld bietet Platz f\u00fcr 340 &hellip; <a href=\"https:\/\/kultur-in-lippetal.de\/?page_id=20\" class=\"more-link\"><span class=\"screen-reader-text\">\u201eVeranstaltungsort\u201c<\/span> weiterlesen<\/a><\/p>\n","protected":false},"author":1,"featured_media":0,"parent":0,"menu_order":0,"comment_status":"closed","ping_status":"closed","template":"","meta":[],"_links":{"self":[{"href":"https:\/\/kultur-in-lippetal.de\/index.php?rest_route=\/wp\/v2\/pages\/20"}],"collection":[{"href":"https:\/\/kultur-in-lippetal.de\/index.php?rest_route=\/wp\/v2\/pages"}],"about":[{"href":"https:\/\/kultur-in-lippetal.de\/index.php?rest_route=\/wp\/v2\/types\/page"}],"author":[{"embeddable":true,"href":"https:\/\/kultur-in-lippetal.de\/index.php?rest_route=\/wp\/v2\/users\/1"}],"replies":[{"embeddable":true,"href":"https:\/\/kultur-in-lippetal.de\/index.php?rest_route=%2Fwp%2Fv2%2Fcomments&post=20"}],"version-history":[{"count":38,"href":"https:\/\/kultur-in-lippetal.de\/index.php?rest_route=\/wp\/v2\/pages\/20\/revisions"}],"predecessor-version":[{"id":1214,"href":"https:\/\/kultur-in-lippetal.de\/index.php?rest_route=\/wp\/v2\/pages\/20\/revisions\/1214"}],"wp:attachment":[{"href":"https:\/\/kultur-in-lippetal.de\/index.php?rest_route=%2Fwp%2Fv2%2Fmedia&parent=20"}],"curies":[{"name":"wp","href":"https:\/\/api.w.org\/{rel}","templated":true}]}}